{"id":17228886,"date":"2022-08-10T16:31:59","date_gmt":"2022-08-10T19:31:59","guid":{"rendered":"https:\/\/duxsoftware.com\/mexico\/?page_id=17228886"},"modified":"2022-08-10T16:31:59","modified_gmt":"2022-08-10T19:31:59","slug":"politicas-de-privacidad","status":"publish","type":"page","link":"https:\/\/duxsoftware.com\/mexico\/politicas-de-privacidad\/","title":{"rendered":"Pol\u00edticas de Privacidad"},"content":{"rendered":"<p>[et_pb_section fb_built=\u00bb1&#8243; _builder_version=\u00bb4.17.4&#8243; _module_preset=\u00bbdefault\u00bb background_color=\u00bb#0763e6&#8243; da_disable_devices=\u00bboff|off|off\u00bb global_colors_info=\u00bb{}\u00bb theme_builder_area=\u00bbpost_content\u00bb da_is_popup=\u00bboff\u00bb da_exit_intent=\u00bboff\u00bb da_has_close=\u00bbon\u00bb da_alt_close=\u00bboff\u00bb da_dark_close=\u00bboff\u00bb da_not_modal=\u00bbon\u00bb da_is_singular=\u00bboff\u00bb da_with_loader=\u00bboff\u00bb da_has_shadow=\u00bbon\u00bb][et_pb_row _builder_version=\u00bb4.17.4&#8243; _module_preset=\u00bbdefault\u00bb global_colors_info=\u00bb{}\u00bb theme_builder_area=\u00bbpost_content\u00bb][et_pb_column type=\u00bb4_4&#8243; _builder_version=\u00bb4.17.4&#8243; _module_preset=\u00bbdefault\u00bb global_colors_info=\u00bb{}\u00bb theme_builder_area=\u00bbpost_content\u00bb][et_pb_text _builder_version=\u00bb4.17.4&#8243; _module_preset=\u00bbdefault\u00bb header_font=\u00bb|700|||||||\u00bb header_text_align=\u00bbcenter\u00bb header_text_color=\u00bb#FFFFFF\u00bb hover_enabled=\u00bb0&#8243; global_colors_info=\u00bb{}\u00bb theme_builder_area=\u00bbpost_content\u00bb sticky_enabled=\u00bb0&#8243;]<\/p>\n<h1>Pol\u00edticas de Privacidad<\/h1>\n<div id=\"gtx-trans\" style=\"position: absolute; left: -232px; top: 64.4375px;\">\n<div class=\"gtx-trans-icon\"><\/div>\n<\/div>\n<p>[\/et_pb_text][\/et_pb_column][\/et_pb_row][\/et_pb_section][et_pb_section fb_built=\u00bb1&#8243; _builder_version=\u00bb4.17.4&#8243; _module_preset=\u00bbdefault\u00bb da_disable_devices=\u00bboff|off|off\u00bb global_colors_info=\u00bb{}\u00bb theme_builder_area=\u00bbpost_content\u00bb da_is_popup=\u00bboff\u00bb da_exit_intent=\u00bboff\u00bb da_has_close=\u00bbon\u00bb da_alt_close=\u00bboff\u00bb da_dark_close=\u00bboff\u00bb da_not_modal=\u00bbon\u00bb da_is_singular=\u00bboff\u00bb da_with_loader=\u00bboff\u00bb da_has_shadow=\u00bbon\u00bb][et_pb_row _builder_version=\u00bb4.17.4&#8243; _module_preset=\u00bbdefault\u00bb global_colors_info=\u00bb{}\u00bb theme_builder_area=\u00bbpost_content\u00bb][et_pb_column type=\u00bb4_4&#8243; _builder_version=\u00bb4.17.4&#8243; _module_preset=\u00bbdefault\u00bb global_colors_info=\u00bb{}\u00bb theme_builder_area=\u00bbpost_content\u00bb][et_pb_text _builder_version=\u00bb4.17.4&#8243; _module_preset=\u00bbdefault\u00bb hover_enabled=\u00bb0&#8243; global_colors_info=\u00bb{}\u00bb theme_builder_area=\u00bbpost_content\u00bb sticky_enabled=\u00bb0&#8243;]<\/p>\n<p>Nuestro mayor compromiso es garantizar la confidencialidad de tus datos en Dux Software.<\/p>\n<p>Es importante que leas atentamente este documento para entender el tratamiento que damos a tu informaci\u00f3n personal cuando utilizas nuestros servicios.<\/p>\n<p>El \u201cAviso Legal\u201d que regula el uso del servicio del portal de Internet www.DuxSoftware.com.ar y todos los servidores del dominio www.DuxSoftware.com.ar, pone a disposici\u00f3n de los usuarios de Internet, resultar\u00e1 plenamente aplicable y se da \u00edntegramente por reproducido.<\/p>\n<h2>1. FINALIDAD QUE SE LE DAR\u00c1 A LA INFORMACI\u00d3N<\/h2>\n<p>1.1. Los datos personales requeridos, ser\u00e1n utilizados para proveer al usuario un servicio, ofreciendo informaci\u00f3n selectiva o contenidos que puedan llegar a serle de inter\u00e9s.<\/p>\n<p>1.2. Los datos recabados ser\u00e1n incorporados a una base de datos de Dux Software.<\/p>\n<p>1.3. Los datos objeto de tratamiento no ser\u00e1n utilizados para finalidades distintas o incompatibles con las que motivaron su obtenci\u00f3n.<\/p>\n<h2>2. ACEPTACI\u00d3N DE LOS T\u00c9RMINOS Y CONDICIONES<\/h2>\n<p>2.1. Al facilitar sus datos personales, los Usuarios autorizan a Dux Software comunicarse con ellos por v\u00eda postal, telef\u00f3nica o electr\u00f3nica enviando informaci\u00f3n que Dux Software considere, a su exclusivo criterio, que pueda ser de su inter\u00e9s, incluyendo publicidad e informaci\u00f3n sobre ofertas y promociones.<\/p>\n<p>2.2. El usuario otorga su consentimiento informado de las cuestiones siguientes:<\/p>\n<p>2.2.1. Existencia del banco de datos la identidad y domicilio de su responsable: Los datos recabados por los formularios correspondientes ser\u00e1n incorporados a una base de datos de Dux Software Sita en Bv. Chacabuco 249 Oficina 3. Ciudad de C\u00f3rdoba. Argentina.<\/p>\n<p>2.2.2. Finalidad para la que ser\u00e1n tratados y qui\u00e9nes pueden ser sus destinatarios o clase de destinatarios: el prop\u00f3sito es el manifestado ut supra.<\/p>\n<p>2.2.3. Car\u00e1cter obligatorio o facultativo de las respuestas: Las contestaciones son de car\u00e1cter voluntario.<\/p>\n<p>2.2.4. Consecuencias de proporcionar los datos, de la negativa a hacerlo o de la inexactitud de los mismos: Proporcionar la informaci\u00f3n solicitada facilitar\u00e1 la recepci\u00f3n de informaci\u00f3n sobre servicios educativos de educaci\u00f3n superior. La omisi\u00f3n o la inexactitud de la informaci\u00f3n, implicar\u00e1 la p\u00e9rdida de este servicio.<\/p>\n<p>2.2.5. Los usuarios, tendr\u00e1n derecho al acceso, rectificaci\u00f3n y supresi\u00f3n de su informaci\u00f3n personal en la Base de datos;<\/p>\n<p>2.2.6. Los usuarios declaran que los datos informados son verdaderos y exactos;<\/p>\n<p>2.2.7. Los usuarios actualizar\u00e1n los datos, toda vez que sea necesario.<\/p>\n<p>2.2.8. En caso de que los Usuarios no deseen ser contactados con estos fines, podr\u00e1n notificarlo fehacientemente a Dux Software, quien proceder\u00e1 a interrumpir este tipo de comunicaciones en el menor tiempo que le sea posible. La notificaci\u00f3n debe hacerse a la siguiente direcci\u00f3n de correo electr\u00f3nico, designada a tal efecto:\u00a0<a href=\"mailto:soporte@DuxSoftware.com.ar\">soporte@DuxSoftware.com.ar<\/a>\u00a0<\/p>\n<p>2.2.9. En caso de que los Usuarios no deseen ser contactados, podr\u00e1n manifestarlo fehacientemente a Dux Software, quien proceder\u00e1 a interrumpir este tipo de comunicaciones en el menor tiempo que le sea posible. La notificaci\u00f3n debe hacerse a la siguiente direcci\u00f3n de correo electr\u00f3nico, designada a tal efecto:\u00a0<a href=\"mailto:soporte@DuxSoftware.com.ar\">soporte@DuxSoftware.com.ar<\/a>\u00a0En toda comunicaci\u00f3n con fines de publicidad que se realice por correo, tel\u00e9fono, correo electr\u00f3nico, Internet u otro medio a distancia a conocer, se indicar\u00e1, la posibilidad del titular del dato de solicitar el retiro o bloqueo, total o parcial, de su nombre de la base de datos. La notificaci\u00f3n debe hacerse a la siguiente direcci\u00f3n de correo electr\u00f3nico, designada a tal efecto:\u00a0<a href=\"mailto:soporte@DuxSoftware.com.ar\">soporte@DuxSoftware.com.ar<\/a>\u00a0<\/p>\n<h2>3. EXCEPCIONES AL CONSENTIMIENTO<\/h2>\n<p>3.1. Conforme la Ley de Protecci\u00f3n de Datos Personales (N\u00famero 25.326), no ser\u00e1 necesario el consentimiento para la obtenci\u00f3n de los datos cuando:<\/p>\n<p>3.1.1. Se trate de listados cuyos datos se limiten a nombre, documento nacional de identidad, identificaci\u00f3n tributaria o previsional, ocupaci\u00f3n, fecha de nacimiento y domicilio;<\/p>\n<p>3.1.2. Se trate de archivos, registros o bancos de datos con fines de publicidad. En la recopilaci\u00f3n de domicilios, reparto de documentos, publicidad o venta directa y otras actividades an\u00e1logas, conforme las disposiciones de la ley de protecci\u00f3n de datos personales, se podr\u00e1n tratar datos que sean aptos para establecer perfiles determinados con fines promocionales, comerciales o publicitarios; o permitan establecer h\u00e1bitos de consumo, cuando \u00e9stos figuren en documentos accesibles al p\u00fablico o hayan sido facilitados por los propios titulares u obtenidos con su consentimiento. En estos casos, el titular de los datos podr\u00e1 ejercer el derecho de acceso sin cargo alguno y solicitar el retiro o bloqueo de su nombre de los bancos de datos.<\/p>\n<h2>4. SEGURIDAD DE PROTECCI\u00d3N DE LOS DATOS<\/h2>\n<p>4.1. Dux Software ha adoptado los niveles de seguridad de protecci\u00f3n de los datos personales legalmente requeridos y procura instalar otros medios y medidas t\u00e9cnicas de protecci\u00f3n adicionales. No obstante, el Usuario debe ser consciente de que las medidas de seguridad en Internet no son infranqueables.<\/p>\n<h2>5. EXCLUSI\u00d3N DE GARANT\u00cdAS Y DE RESPONSABILIDAD<\/h2>\n<p>Dux Software excluye, con toda la extensi\u00f3n permitida por el ordenamiento jur\u00eddico, cualquier responsabilidad por los da\u00f1os y perjuicios de toda naturaleza que puedan llegar a ocurrir. En todo aspecto, resultar\u00e1 aplicable el \u201cAviso Legal\u201d que regula el uso del servicio del portal de Internet www.DuxSoftware.com.ar y todos los servidores del dominio DuxSoftware.com.ar que AOS, pone a disposici\u00f3n de los usuarios de Internet.\u201d<\/p>\n<p>[\/et_pb_text][\/et_pb_column][\/et_pb_row][\/et_pb_section]<\/p>\n","protected":false},"excerpt":{"rendered":"<p>Pol\u00edticas de Privacidad Nuestro mayor compromiso es garantizar la confidencialidad de tus datos en Dux Software. Es importante que leas atentamente este documento para entender el tratamiento que damos a tu informaci\u00f3n personal cuando utilizas nuestros servicios. El \u201cAviso Legal\u201d que regula el uso del servicio del portal de Internet www.DuxSoftware.com.ar y todos los servidores [&hellip;]<\/p>\n","protected":false},"author":1,"featured_media":0,"parent":0,"menu_order":0,"comment_status":"closed","ping_status":"closed","template":"","meta":{"_et_pb_use_builder":"on","_et_pb_old_content":"","_et_gb_content_width":"","content-type":"","footnotes":""},"dipi_cpt_category":[],"class_list":["post-17228886","page","type-page","status-publish","hentry"],"yoast_head":"<!-- This site is optimized with the Yoast SEO plugin v23.6 - https:\/\/yoast.com\/wordpress\/plugins\/seo\/ -->\n<title>Pol\u00edticas de Privacidad - Dux Software<\/title>\n<meta name=\"robots\" content=\"index, follow, max-snippet:-1, max-image-preview:large, max-video-preview:-1\" \/>\n<link rel=\"canonical\" href=\"https:\/\/duxsoftware.com\/mexico\/politicas-de-privacidad\/\" \/>\n<meta property=\"og:locale\" content=\"es_ES\" \/>\n<meta property=\"og:type\" content=\"article\" \/>\n<meta property=\"og:title\" content=\"Pol\u00edticas de Privacidad - Dux Software\" \/>\n<meta property=\"og:description\" content=\"Pol\u00edticas de Privacidad Nuestro mayor compromiso es garantizar la confidencialidad de tus datos en Dux Software. Es importante que leas atentamente este documento para entender el tratamiento que damos a tu informaci\u00f3n personal cuando utilizas nuestros servicios. El \u201cAviso Legal\u201d que regula el uso del servicio del portal de Internet www.DuxSoftware.com.ar y todos los servidores [&hellip;]\" \/>\n<meta property=\"og:url\" content=\"https:\/\/duxsoftware.com\/mexico\/politicas-de-privacidad\/\" \/>\n<meta property=\"og:site_name\" content=\"Dux Software\" \/>\n<meta name=\"twitter:card\" content=\"summary_large_image\" \/>\n<script type=\"application\/ld+json\" class=\"yoast-schema-graph\">{\"@context\":\"https:\/\/schema.org\",\"@graph\":[{\"@type\":\"WebPage\",\"@id\":\"https:\/\/duxsoftware.com\/mexico\/politicas-de-privacidad\/\",\"url\":\"https:\/\/duxsoftware.com\/mexico\/politicas-de-privacidad\/\",\"name\":\"Pol\u00edticas de Privacidad - Dux Software\",\"isPartOf\":{\"@id\":\"https:\/\/duxsoftware.com\/mexico\/#website\"},\"datePublished\":\"2022-08-10T19:31:59+00:00\",\"dateModified\":\"2022-08-10T19:31:59+00:00\",\"breadcrumb\":{\"@id\":\"https:\/\/duxsoftware.com\/mexico\/politicas-de-privacidad\/#breadcrumb\"},\"inLanguage\":\"es\",\"potentialAction\":[{\"@type\":\"ReadAction\",\"target\":[\"https:\/\/duxsoftware.com\/mexico\/politicas-de-privacidad\/\"]}]},{\"@type\":\"BreadcrumbList\",\"@id\":\"https:\/\/duxsoftware.com\/mexico\/politicas-de-privacidad\/#breadcrumb\",\"itemListElement\":[{\"@type\":\"ListItem\",\"position\":1,\"name\":\"Home\",\"item\":\"https:\/\/duxsoftware.com\/mexico\/\"},{\"@type\":\"ListItem\",\"position\":2,\"name\":\"Pol\u00edticas de Privacidad\"}]},{\"@type\":\"WebSite\",\"@id\":\"https:\/\/duxsoftware.com\/mexico\/#website\",\"url\":\"https:\/\/duxsoftware.com\/mexico\/\",\"name\":\"Dux Software\",\"description\":\"Sistema de gesti\u00f3n para tu negocio\",\"potentialAction\":[{\"@type\":\"SearchAction\",\"target\":{\"@type\":\"EntryPoint\",\"urlTemplate\":\"https:\/\/duxsoftware.com\/mexico\/?s={search_term_string}\"},\"query-input\":{\"@type\":\"PropertyValueSpecification\",\"valueRequired\":true,\"valueName\":\"search_term_string\"}}],\"inLanguage\":\"es\"}]}<\/script>\n<!-- \/ Yoast SEO plugin. -->","yoast_head_json":{"title":"Pol\u00edticas de Privacidad - Dux Software","robots":{"index":"index","follow":"follow","max-snippet":"max-snippet:-1","max-image-preview":"max-image-preview:large","max-video-preview":"max-video-preview:-1"},"canonical":"https:\/\/duxsoftware.com\/mexico\/politicas-de-privacidad\/","og_locale":"es_ES","og_type":"article","og_title":"Pol\u00edticas de Privacidad - Dux Software","og_description":"Pol\u00edticas de Privacidad Nuestro mayor compromiso es garantizar la confidencialidad de tus datos en Dux Software. Es importante que leas atentamente este documento para entender el tratamiento que damos a tu informaci\u00f3n personal cuando utilizas nuestros servicios. El \u201cAviso Legal\u201d que regula el uso del servicio del portal de Internet www.DuxSoftware.com.ar y todos los servidores [&hellip;]","og_url":"https:\/\/duxsoftware.com\/mexico\/politicas-de-privacidad\/","og_site_name":"Dux Software","twitter_card":"summary_large_image","schema":{"@context":"https:\/\/schema.org","@graph":[{"@type":"WebPage","@id":"https:\/\/duxsoftware.com\/mexico\/politicas-de-privacidad\/","url":"https:\/\/duxsoftware.com\/mexico\/politicas-de-privacidad\/","name":"Pol\u00edticas de Privacidad - Dux Software","isPartOf":{"@id":"https:\/\/duxsoftware.com\/mexico\/#website"},"datePublished":"2022-08-10T19:31:59+00:00","dateModified":"2022-08-10T19:31:59+00:00","breadcrumb":{"@id":"https:\/\/duxsoftware.com\/mexico\/politicas-de-privacidad\/#breadcrumb"},"inLanguage":"es","potentialAction":[{"@type":"ReadAction","target":["https:\/\/duxsoftware.com\/mexico\/politicas-de-privacidad\/"]}]},{"@type":"BreadcrumbList","@id":"https:\/\/duxsoftware.com\/mexico\/politicas-de-privacidad\/#breadcrumb","itemListElement":[{"@type":"ListItem","position":1,"name":"Home","item":"https:\/\/duxsoftware.com\/mexico\/"},{"@type":"ListItem","position":2,"name":"Pol\u00edticas de Privacidad"}]},{"@type":"WebSite","@id":"https:\/\/duxsoftware.com\/mexico\/#website","url":"https:\/\/duxsoftware.com\/mexico\/","name":"Dux Software","description":"Sistema de gesti\u00f3n para tu negocio","potentialAction":[{"@type":"SearchAction","target":{"@type":"EntryPoint","urlTemplate":"https:\/\/duxsoftware.com\/mexico\/?s={search_term_string}"},"query-input":{"@type":"PropertyValueSpecification","valueRequired":true,"valueName":"search_term_string"}}],"inLanguage":"es"}]}},"_links":{"self":[{"href":"https:\/\/duxsoftware.com\/mexico\/wp-json\/wp\/v2\/pages\/17228886"}],"collection":[{"href":"https:\/\/duxsoftware.com\/mexico\/wp-json\/wp\/v2\/pages"}],"about":[{"href":"https:\/\/duxsoftware.com\/mexico\/wp-json\/wp\/v2\/types\/page"}],"author":[{"embeddable":true,"href":"https:\/\/duxsoftware.com\/mexico\/wp-json\/wp\/v2\/users\/1"}],"replies":[{"embeddable":true,"href":"https:\/\/duxsoftware.com\/mexico\/wp-json\/wp\/v2\/comments?post=17228886"}],"version-history":[{"count":2,"href":"https:\/\/duxsoftware.com\/mexico\/wp-json\/wp\/v2\/pages\/17228886\/revisions"}],"predecessor-version":[{"id":17228888,"href":"https:\/\/duxsoftware.com\/mexico\/wp-json\/wp\/v2\/pages\/17228886\/revisions\/17228888"}],"wp:attachment":[{"href":"https:\/\/duxsoftware.com\/mexico\/wp-json\/wp\/v2\/media?parent=17228886"}],"wp:term":[{"taxonomy":"dipi_cpt_category","embeddable":true,"href":"https:\/\/duxsoftware.com\/mexico\/wp-json\/wp\/v2\/dipi_cpt_category?post=17228886"}],"curies":[{"name":"wp","href":"https:\/\/api.w.org\/{rel}","templated":true}]}}