{"id":17229261,"date":"2022-12-21T10:44:09","date_gmt":"2022-12-21T13:44:09","guid":{"rendered":"https:\/\/duxsoftware.com\/mexico\/?page_id=17229261"},"modified":"2022-12-21T12:34:12","modified_gmt":"2022-12-21T15:34:12","slug":"politica-de-reembolso","status":"publish","type":"page","link":"https:\/\/duxsoftware.com\/mexico\/politica-de-reembolso\/","title":{"rendered":"Pol\u00edtica de reembolso"},"content":{"rendered":"<p>[et_pb_section fb_built=\u00bb1&#8243; _builder_version=\u00bb4.17.4&#8243; _module_preset=\u00bbdefault\u00bb background_color=\u00bb#0763e6&#8243; da_disable_devices=\u00bboff|off|off\u00bb global_colors_info=\u00bb{}\u00bb da_is_popup=\u00bboff\u00bb da_exit_intent=\u00bboff\u00bb da_has_close=\u00bbon\u00bb da_alt_close=\u00bboff\u00bb da_dark_close=\u00bboff\u00bb da_not_modal=\u00bbon\u00bb da_is_singular=\u00bboff\u00bb da_with_loader=\u00bboff\u00bb da_has_shadow=\u00bbon\u00bb][et_pb_row _builder_version=\u00bb4.17.4&#8243; _module_preset=\u00bbdefault\u00bb global_colors_info=\u00bb{}\u00bb][et_pb_column type=\u00bb4_4&#8243; _builder_version=\u00bb4.17.4&#8243; _module_preset=\u00bbdefault\u00bb global_colors_info=\u00bb{}\u00bb][et_pb_text _builder_version=\u00bb4.19.0&#8243; _module_preset=\u00bbdefault\u00bb header_font=\u00bb|700|||||||\u00bb header_text_align=\u00bbcenter\u00bb header_text_color=\u00bb#FFFFFF\u00bb global_colors_info=\u00bb{}\u00bb]<\/p>\n<h1>Pol\u00edtica de Reembolso<\/h1>\n<div id=\"gtx-trans\" style=\"position: absolute; left: -57px; top: -0.5625px;\">\n<div class=\"gtx-trans-icon\"><\/div>\n<\/div>\n<p>[\/et_pb_text][\/et_pb_column][\/et_pb_row][\/et_pb_section][et_pb_section fb_built=\u00bb1&#8243; _builder_version=\u00bb4.17.4&#8243; _module_preset=\u00bbdefault\u00bb da_disable_devices=\u00bboff|off|off\u00bb global_colors_info=\u00bb{}\u00bb da_is_popup=\u00bboff\u00bb da_exit_intent=\u00bboff\u00bb da_has_close=\u00bbon\u00bb da_alt_close=\u00bboff\u00bb da_dark_close=\u00bboff\u00bb da_not_modal=\u00bbon\u00bb da_is_singular=\u00bboff\u00bb da_with_loader=\u00bboff\u00bb da_has_shadow=\u00bbon\u00bb][et_pb_row _builder_version=\u00bb4.17.4&#8243; _module_preset=\u00bbdefault\u00bb global_colors_info=\u00bb{}\u00bb][et_pb_column type=\u00bb4_4&#8243; _builder_version=\u00bb4.17.4&#8243; _module_preset=\u00bbdefault\u00bb global_colors_info=\u00bb{}\u00bb][et_pb_text _builder_version=\u00bb4.19.0&#8243; _module_preset=\u00bbdefault\u00bb text_text_color=\u00bb#000000&#8243; global_colors_info=\u00bb{}\u00bb]<\/p>\n<p>En t\u00e9rminos generales, no ofrecemos reembolsos por el servicio de software que ofrecemos. Esto se debe a que el servicio comienza a ser utilizado inmediatamente despu\u00e9s de la compra.<\/p>\n<p>Sin embargo, en casos excepcionales en los que un cliente desee solicitar un reembolso, podr\u00e1 hacerlo siempre y cuando cumpla con las siguientes condiciones:<\/p>\n<ul>\n<li>El reembolso debe ser solicitado dentro de los 10 d\u00edas posteriores a la compra.<\/li>\n<li>Se debe comprobar que el servicio no ha sido utilizado. Esto incluye no haber realizado conexiones, ventas, compras, cargado productos o cualquier otra actividad en el servicio.<\/li>\n<\/ul>\n<p>Antes de realizar la compra, sugerimos a nuestros clientes aprovechar todo el asesoramiento que brinda nuestro equipo comercial, a trav\u00e9s de llamadas, v\u00eddeos, tutoriales y cuenta de prueba. De esta forma, podr\u00e1n conocer el software y asegurarse de que cumple con sus necesidades antes de comprometerse a una compra.<br \/>Es importante tener en cuenta que una vez que se realiza la compra, no se ofrecen devoluciones. Por eso, recomendamos aprovechar todos los recursos disponibles para informarse y sacar dudas antes de contratar.<\/p>\n<p>Los clientes son responsables de comprender y aceptar esta pol\u00edtica de reembolso al momento de realizar la compra. Si un cliente tiene problemas t\u00e9cnicos o dificultades para utilizar el software, nuestro equipo de soporte estar\u00e1 disponible para ayudarles a resolver cualquier problema. Si un cliente tiene alguna pregunta o inquietud sobre esta pol\u00edtica de reembolso, pueden ponerse en contacto con nosotros a trav\u00e9s de nuestro servicio de atenci\u00f3n al cliente.<\/p>\n<p>[\/et_pb_text][\/et_pb_column][\/et_pb_row][\/et_pb_section]<\/p>\n","protected":false},"excerpt":{"rendered":"<p>Pol\u00edtica de Reembolso En t\u00e9rminos generales, no ofrecemos reembolsos por el servicio de software que ofrecemos. Esto se debe a que el servicio comienza a ser utilizado inmediatamente despu\u00e9s de la compra. Sin embargo, en casos excepcionales en los que un cliente desee solicitar un reembolso, podr\u00e1 hacerlo siempre y cuando cumpla con las siguientes [&hellip;]<\/p>\n","protected":false},"author":5,"featured_media":0,"parent":0,"menu_order":0,"comment_status":"closed","ping_status":"closed","template":"","meta":{"_et_pb_use_builder":"on","_et_pb_old_content":"","_et_gb_content_width":"","content-type":"","footnotes":""},"dipi_cpt_category":[],"class_list":["post-17229261","page","type-page","status-publish","hentry"],"yoast_head":"<!-- This site is optimized with the Yoast SEO plugin v23.6 - https:\/\/yoast.com\/wordpress\/plugins\/seo\/ -->\n<title>Pol\u00edtica de reembolso - Dux Software<\/title>\n<meta name=\"robots\" content=\"index, follow, max-snippet:-1, max-image-preview:large, max-video-preview:-1\" \/>\n<link rel=\"canonical\" href=\"https:\/\/duxsoftware.com\/mexico\/politica-de-reembolso\/\" \/>\n<meta property=\"og:locale\" content=\"es_ES\" \/>\n<meta property=\"og:type\" content=\"article\" \/>\n<meta property=\"og:title\" content=\"Pol\u00edtica de reembolso - Dux Software\" \/>\n<meta property=\"og:description\" content=\"Pol\u00edtica de Reembolso En t\u00e9rminos generales, no ofrecemos reembolsos por el servicio de software que ofrecemos. Esto se debe a que el servicio comienza a ser utilizado inmediatamente despu\u00e9s de la compra. Sin embargo, en casos excepcionales en los que un cliente desee solicitar un reembolso, podr\u00e1 hacerlo siempre y cuando cumpla con las siguientes [&hellip;]\" \/>\n<meta property=\"og:url\" content=\"https:\/\/duxsoftware.com\/mexico\/politica-de-reembolso\/\" \/>\n<meta property=\"og:site_name\" content=\"Dux Software\" \/>\n<meta property=\"article:modified_time\" content=\"2022-12-21T15:34:12+00:00\" \/>\n<meta name=\"twitter:card\" content=\"summary_large_image\" \/>\n<script type=\"application\/ld+json\" class=\"yoast-schema-graph\">{\"@context\":\"https:\/\/schema.org\",\"@graph\":[{\"@type\":\"WebPage\",\"@id\":\"https:\/\/duxsoftware.com\/mexico\/politica-de-reembolso\/\",\"url\":\"https:\/\/duxsoftware.com\/mexico\/politica-de-reembolso\/\",\"name\":\"Pol\u00edtica de reembolso - Dux Software\",\"isPartOf\":{\"@id\":\"https:\/\/duxsoftware.com\/mexico\/#website\"},\"datePublished\":\"2022-12-21T13:44:09+00:00\",\"dateModified\":\"2022-12-21T15:34:12+00:00\",\"breadcrumb\":{\"@id\":\"https:\/\/duxsoftware.com\/mexico\/politica-de-reembolso\/#breadcrumb\"},\"inLanguage\":\"es\",\"potentialAction\":[{\"@type\":\"ReadAction\",\"target\":[\"https:\/\/duxsoftware.com\/mexico\/politica-de-reembolso\/\"]}]},{\"@type\":\"BreadcrumbList\",\"@id\":\"https:\/\/duxsoftware.com\/mexico\/politica-de-reembolso\/#breadcrumb\",\"itemListElement\":[{\"@type\":\"ListItem\",\"position\":1,\"name\":\"Home\",\"item\":\"https:\/\/duxsoftware.com\/mexico\/\"},{\"@type\":\"ListItem\",\"position\":2,\"name\":\"Pol\u00edtica de reembolso\"}]},{\"@type\":\"WebSite\",\"@id\":\"https:\/\/duxsoftware.com\/mexico\/#website\",\"url\":\"https:\/\/duxsoftware.com\/mexico\/\",\"name\":\"Dux Software\",\"description\":\"Sistema de gesti\u00f3n para tu negocio\",\"potentialAction\":[{\"@type\":\"SearchAction\",\"target\":{\"@type\":\"EntryPoint\",\"urlTemplate\":\"https:\/\/duxsoftware.com\/mexico\/?s={search_term_string}\"},\"query-input\":{\"@type\":\"PropertyValueSpecification\",\"valueRequired\":true,\"valueName\":\"search_term_string\"}}],\"inLanguage\":\"es\"}]}<\/script>\n<!-- \/ Yoast SEO plugin. -->","yoast_head_json":{"title":"Pol\u00edtica de reembolso - Dux Software","robots":{"index":"index","follow":"follow","max-snippet":"max-snippet:-1","max-image-preview":"max-image-preview:large","max-video-preview":"max-video-preview:-1"},"canonical":"https:\/\/duxsoftware.com\/mexico\/politica-de-reembolso\/","og_locale":"es_ES","og_type":"article","og_title":"Pol\u00edtica de reembolso - Dux Software","og_description":"Pol\u00edtica de Reembolso En t\u00e9rminos generales, no ofrecemos reembolsos por el servicio de software que ofrecemos. Esto se debe a que el servicio comienza a ser utilizado inmediatamente despu\u00e9s de la compra. Sin embargo, en casos excepcionales en los que un cliente desee solicitar un reembolso, podr\u00e1 hacerlo siempre y cuando cumpla con las siguientes [&hellip;]","og_url":"https:\/\/duxsoftware.com\/mexico\/politica-de-reembolso\/","og_site_name":"Dux Software","article_modified_time":"2022-12-21T15:34:12+00:00","twitter_card":"summary_large_image","schema":{"@context":"https:\/\/schema.org","@graph":[{"@type":"WebPage","@id":"https:\/\/duxsoftware.com\/mexico\/politica-de-reembolso\/","url":"https:\/\/duxsoftware.com\/mexico\/politica-de-reembolso\/","name":"Pol\u00edtica de reembolso - Dux Software","isPartOf":{"@id":"https:\/\/duxsoftware.com\/mexico\/#website"},"datePublished":"2022-12-21T13:44:09+00:00","dateModified":"2022-12-21T15:34:12+00:00","breadcrumb":{"@id":"https:\/\/duxsoftware.com\/mexico\/politica-de-reembolso\/#breadcrumb"},"inLanguage":"es","potentialAction":[{"@type":"ReadAction","target":["https:\/\/duxsoftware.com\/mexico\/politica-de-reembolso\/"]}]},{"@type":"BreadcrumbList","@id":"https:\/\/duxsoftware.com\/mexico\/politica-de-reembolso\/#breadcrumb","itemListElement":[{"@type":"ListItem","position":1,"name":"Home","item":"https:\/\/duxsoftware.com\/mexico\/"},{"@type":"ListItem","position":2,"name":"Pol\u00edtica de reembolso"}]},{"@type":"WebSite","@id":"https:\/\/duxsoftware.com\/mexico\/#website","url":"https:\/\/duxsoftware.com\/mexico\/","name":"Dux Software","description":"Sistema de gesti\u00f3n para tu negocio","potentialAction":[{"@type":"SearchAction","target":{"@type":"EntryPoint","urlTemplate":"https:\/\/duxsoftware.com\/mexico\/?s={search_term_string}"},"query-input":{"@type":"PropertyValueSpecification","valueRequired":true,"valueName":"search_term_string"}}],"inLanguage":"es"}]}},"_links":{"self":[{"href":"https:\/\/duxsoftware.com\/mexico\/wp-json\/wp\/v2\/pages\/17229261"}],"collection":[{"href":"https:\/\/duxsoftware.com\/mexico\/wp-json\/wp\/v2\/pages"}],"about":[{"href":"https:\/\/duxsoftware.com\/mexico\/wp-json\/wp\/v2\/types\/page"}],"author":[{"embeddable":true,"href":"https:\/\/duxsoftware.com\/mexico\/wp-json\/wp\/v2\/users\/5"}],"replies":[{"embeddable":true,"href":"https:\/\/duxsoftware.com\/mexico\/wp-json\/wp\/v2\/comments?post=17229261"}],"version-history":[{"count":5,"href":"https:\/\/duxsoftware.com\/mexico\/wp-json\/wp\/v2\/pages\/17229261\/revisions"}],"predecessor-version":[{"id":17229279,"href":"https:\/\/duxsoftware.com\/mexico\/wp-json\/wp\/v2\/pages\/17229261\/revisions\/17229279"}],"wp:attachment":[{"href":"https:\/\/duxsoftware.com\/mexico\/wp-json\/wp\/v2\/media?parent=17229261"}],"wp:term":[{"taxonomy":"dipi_cpt_category","embeddable":true,"href":"https:\/\/duxsoftware.com\/mexico\/wp-json\/wp\/v2\/dipi_cpt_category?post=17229261"}],"curies":[{"name":"wp","href":"https:\/\/api.w.org\/{rel}","templated":true}]}}